{"id":9474,"date":"2023-12-20T15:06:40","date_gmt":"2023-12-20T14:06:40","guid":{"rendered":"https:\/\/tastaoute.ma\/?page_id=9474"},"modified":"2023-12-26T20:55:51","modified_gmt":"2023-12-26T19:55:51","slug":"domotique-et-systemes-dautomatisation","status":"publish","type":"page","link":"https:\/\/tastaoute.com\/index.php\/domotique-et-systemes-dautomatisation\/","title":{"rendered":"Domotique et Syst\u00e8mes d&rsquo;Automatisation"},"content":{"rendered":"\t\t<div data-elementor-type=\"wp-page\" data-elementor-id=\"9474\" class=\"elementor elementor-9474\" data-elementor-post-type=\"page\">\n\t\t\t\t\t\t<section class=\"elementor-section elementor-top-section elementor-element elementor-element-0321550 elementor-section-content-middle mkdf-elementor-row-grid-section elementor-section-boxed elementor-section-height-default elementor-section-height-default mkdf-parallax-row-no mkdf-content-aligment-left mkdf-disabled-bg-image-bellow-no mkdf-row-btt-light\" data-id=\"0321550\" data-element_type=\"section\" data-e-type=\"section\" data-settings=\"{&quot;background_background&quot;:&quot;classic&quot;}\">\n\t\t\t\t\t\t<div class=\"elementor-container elementor-column-gap-default\">\n\t\t\t\t\t<div class=\"elementor-column elementor-col-50 elementor-top-column elementor-element elementor-element-a4151af mkdf-appearing-section mkdf-eh-item-project\" data-id=\"a4151af\" data-element_type=\"column\" data-e-type=\"column\">\n\t\t\t<div class=\"elementor-widget-wrap elementor-element-populated\">\n\t\t\t\t\t\t<div class=\"elementor-element elementor-element-d5855ae elementor-widget elementor-widget-mkdf_single_image\" data-id=\"d5855ae\" data-element_type=\"widget\" data-e-type=\"widget\" data-widget_type=\"mkdf_single_image.default\">\n\t\t\t\t<div class=\"elementor-widget-container\">\n\t\t\t\t\t<div class=\"mkdf-single-image-holder   \">\n    <div class=\"mkdf-si-inner\" >\n                                    <img fetchpriority=\"high\" decoding=\"async\" width=\"800\" height=\"533\" src=\"https:\/\/tastaoute.com\/wp-content\/uploads\/2023\/12\/2.jpg\" class=\"attachment-full size-full\" alt=\"\" srcset=\"https:\/\/tastaoute.com\/wp-content\/uploads\/2023\/12\/2.jpg 800w, https:\/\/tastaoute.com\/wp-content\/uploads\/2023\/12\/2-300x200.jpg 300w, https:\/\/tastaoute.com\/wp-content\/uploads\/2023\/12\/2-768x512.jpg 768w, https:\/\/tastaoute.com\/wp-content\/uploads\/2023\/12\/2-600x400.jpg 600w\" sizes=\"(max-width: 800px) 100vw, 800px\" \/>                        <\/div>\n<\/div>\t\t\t\t<\/div>\n\t\t\t\t<\/div>\n\t\t\t\t\t<\/div>\n\t\t<\/div>\n\t\t\t\t<div class=\"elementor-column elementor-col-50 elementor-top-column elementor-element elementor-element-838809e\" data-id=\"838809e\" data-element_type=\"column\" data-e-type=\"column\">\n\t\t\t<div class=\"elementor-widget-wrap elementor-element-populated\">\n\t\t\t\t\t\t<div class=\"elementor-element elementor-element-efb9077 elementor-widget__width-initial elementor-widget elementor-widget-mkdf_section_title\" data-id=\"efb9077\" data-element_type=\"widget\" data-e-type=\"widget\" data-widget_type=\"mkdf_section_title.default\">\n\t\t\t\t<div class=\"elementor-widget-container\">\n\t\t\t\t\t<div class=\"mkdf-section-title-holder  mkdf-st-standard   \" >\n\t<div class=\"mkdf-st-inner\">\n        \t\t\t\t\t<h2 class=\"mkdf-st-title\" style=\"color: #FFFFFF\">\n\t\t\t\tDomotique syst\u00e8me<br \/> d'automatisation\t\t\t<\/h2>\n\t\t\t\t\t\t\t<p class=\"mkdf-st-text\" style=\"color: #FFFFFF\">\n\t\t\t\tNotre mission est d'int\u00e9grer des technologies intelligentes dans les espaces de vie et de travail, offrant ainsi confort, s\u00e9curit\u00e9 et efficacit\u00e9 \u00e9nerg\u00e9tique.\n\nNotre Gamme de Services :\n\nSyst\u00e8mes de Domotique Avanc\u00e9s : Nous sp\u00e9cialisons dans la conception et l'installation de syst\u00e8mes domotiques qui transforment votre domicile ou votre bureau en un espace intelligent. Contr\u00f4lez l'\u00e9clairage, la temp\u00e9rature, les syst\u00e8mes de s\u00e9curit\u00e9, et bien plus, tout cela du bout des doigts ou automatiquement selon vos pr\u00e9f\u00e9rences et habitudes.\nAutomatisation et Contr\u00f4le : Nos syst\u00e8mes d'automatisation permettent une gestion optimis\u00e9e de votre b\u00e2timent. Que ce soit pour des raisons de confort, d'\u00e9conomie d'\u00e9nergie ou de s\u00e9curit\u00e9, nos solutions s'adaptent \u00e0 vos besoins sp\u00e9cifiques.\nInt\u00e9gration de Technologies \u00c9cologiques : Chez TASTAOUTE, nous int\u00e9grons des solutions \u00e9co-responsables dans nos projets de domotique. De l'\u00e9clairage LED \u00e0 faible consommation \u00e0 des syst\u00e8mes de chauffage et de refroidissement intelligents, nous visons \u00e0 r\u00e9duire l'empreinte \u00e9cologique de nos installations.\nPersonnalisation et Flexibilit\u00e9 : Nous comprenons que chaque client a des besoins uniques. C'est pourquoi nos solutions de domotique sont enti\u00e8rement personnalisables. Notre \u00e9quipe travaille \u00e9troitement avec vous pour cr\u00e9er un syst\u00e8me qui r\u00e9pond pr\u00e9cis\u00e9ment \u00e0 vos attentes.\nSupport Technique et Maintenance : TASTAOUTE s'engage \u00e0 fournir un support technique complet et une maintenance r\u00e9guli\u00e8re pour assurer le bon fonctionnement et la long\u00e9vit\u00e9 de vos syst\u00e8mes d'automatisation.\nFormation et Assistance Utilisateur : Nous offrons une formation compl\u00e8te sur l'utilisation de nos syst\u00e8mes domotiques, garantissant que vous profitiez pleinement des avantages de votre installation intelligente.\nChez TASTAOUTE, nous sommes d\u00e9di\u00e9s \u00e0 enrichir votre exp\u00e9rience de vie et de travail avec nos solutions innovantes en domotique et syst\u00e8mes d'automatisation. Contactez-nous pour transformer votre espace et rejoindre l'\u00e8re de la maison intelligente.\t\t\t<\/p>\n\t\t\t<\/div>\n<\/div>\t\t\t\t<\/div>\n\t\t\t\t<\/div>\n\t\t\t\t\t<\/div>\n\t\t<\/div>\n\t\t\t\t\t<\/div>\n\t\t<\/section>\n\t\t\t\t<\/div>\n\t\t","protected":false},"excerpt":{"rendered":"<p>Domotique syst\u00e8me d&rsquo;automatisation Notre mission est d&rsquo;int\u00e9grer des technologies intelligentes dans les espaces de vie et de travail, offrant ainsi confort, s\u00e9curit\u00e9 et efficacit\u00e9 \u00e9nerg\u00e9tique. Notre Gamme de Services : Syst\u00e8mes de Domotique Avanc\u00e9s : Nous sp\u00e9cialisons dans la conception [&hellip;]<\/p>\n","protected":false},"author":1,"featured_media":0,"parent":0,"menu_order":0,"comment_status":"closed","ping_status":"closed","template":"","meta":{"footnotes":""},"class_list":["post-9474","page","type-page","status-publish","hentry"],"_links":{"self":[{"href":"https:\/\/tastaoute.com\/index.php\/wp-json\/wp\/v2\/pages\/9474","targetHints":{"allow":["GET"]}}],"collection":[{"href":"https:\/\/tastaoute.com\/index.php\/wp-json\/wp\/v2\/pages"}],"about":[{"href":"https:\/\/tastaoute.com\/index.php\/wp-json\/wp\/v2\/types\/page"}],"author":[{"embeddable":true,"href":"https:\/\/tastaoute.com\/index.php\/wp-json\/wp\/v2\/users\/1"}],"replies":[{"embeddable":true,"href":"https:\/\/tastaoute.com\/index.php\/wp-json\/wp\/v2\/comments?post=9474"}],"version-history":[{"count":7,"href":"https:\/\/tastaoute.com\/index.php\/wp-json\/wp\/v2\/pages\/9474\/revisions"}],"predecessor-version":[{"id":9546,"href":"https:\/\/tastaoute.com\/index.php\/wp-json\/wp\/v2\/pages\/9474\/revisions\/9546"}],"wp:attachment":[{"href":"https:\/\/tastaoute.com\/index.php\/wp-json\/wp\/v2\/media?parent=9474"}],"curies":[{"name":"wp","href":"https:\/\/api.w.org\/{rel}","templated":true}]}}